{"id":1537,"date":"2025-08-04T12:50:16","date_gmt":"2025-08-04T10:50:16","guid":{"rendered":"https:\/\/passengersrights.eu\/accessibility-statement\/"},"modified":"2025-08-04T12:50:16","modified_gmt":"2025-08-04T10:50:16","slug":"declaracion-de-accesibilidad","status":"publish","type":"page","link":"https:\/\/passengersrights.eu\/es\/declaracion-de-accesibilidad\/","title":{"rendered":"Declaraci\u00f3n de accesibilidad"},"content":{"rendered":"<h6 class=\"wp-block-heading has-text-align-center\">Accessibility Statement for https:\/\/passengersrights.eu\/<\/h6>\n\n\n<p><strong>Los Derechos de los pasajeros de la UE<\/strong> se compromete a garantizar la accesibilidad digital para personas con discapacidad. Estamos constantemente mejorando la experiencia de usuario para todos y aplicaci\u00f3n de las normas de accesibilidad.<\/p>\n\n\n<h6 class=\"wp-block-heading\">La conformidad de estado<\/h6>\n\n\n<p>Las Web Content Accessibility Guidelines (WCAG) define los requisitos para los dise\u00f1adores y desarrolladores para mejorar la accesibilidad para personas con discapacidad. Se define tres niveles de conformidad: Nivel A, Nivel AA, y el Nivel AAA.<\/p>\n\n\n<p><strong>Los Derechos de los pasajeros de la UE<\/strong> est\u00e1 haciendo esfuerzos constantes para mejorar la accesibilidad de su sitio y los servicios en la creencia de que es nuestra moral colectiva obligaci\u00f3n de permitir transparente, accesible y de libre uso para aquellos de nosotros con discapacidad.<\/p>\n\n\n<p>Nuestro objetivo es hacer que todas las p\u00e1ginas y el contenido de <strong>https:\/\/passengersrights.eu\/<\/strong> accesible, pero algunos de los contenidos que a\u00fan no puede cumplir plenamente con los m\u00e1s altos est\u00e1ndares de accesibilidad. Esto podr\u00eda ser debido a los desaf\u00edos en la identificaci\u00f3n de la m\u00e1s adecuada soluci\u00f3n tecnol\u00f3gica.<\/p>\n\n\n<p>Podemos revisar peri\u00f3dicamente esta Declaraci\u00f3n para reflejar las mejoras o cambios a nuestras pr\u00e1cticas de accesibilidad.<\/p>\n\n\n<h6 class=\"wp-block-heading\">Comentarios<\/h6>\n\n\n<p>Damos la bienvenida a sus comentarios sobre la accesibilidad de los <strong>Los Derechos de los pasajeros de la UE<\/strong> sitio web. Por favor, h\u00e1ganos saber si usted encuentra las barreras de accesibilidad en nuestra p\u00e1gina web:<\/p>\n\n\n<p>E-mail: <strong>info@passengersrights.eu<\/strong><\/p>\n\n\n<p>Tratamos de responder a la retroalimentaci\u00f3n en el plazo de 3-5 d\u00edas.<\/p>\n\n\n<p>Esta declaraci\u00f3n fue creado en 4\/8\/2025. <\/p>","protected":false},"excerpt":{"rendered":"<p>Accessibility Statement for https:\/\/passengersrights.eu\/ Passengers Rights EU is committed to ensuring digital accessibility for people with disabilities. We are continually improving the user experience for everyone and applying the relevant accessibility standards. Conformance status The Web Content Accessibility Guidelines (WCAG) defines requirements for designers and developers to improve accessibility for people with disabilities. It defines [&hellip;]<\/p>\n","protected":false},"author":15,"featured_media":0,"parent":0,"menu_order":0,"comment_status":"closed","ping_status":"closed","template":"","meta":{"footnotes":""},"class_list":["post-1537","page","type-page","status-publish","hentry"],"yoast_head":"<!-- This site is optimized with the Yoast SEO plugin v27.4 - https:\/\/yoast.com\/product\/yoast-seo-wordpress\/ -->\n<title>Accessibility statement - Passengers Rights<\/title>\n<meta name=\"description\" content=\"Accessibility Statement for https:\/\/passengersrights.eu\/ Passengers Rights EU is committed to ensuring digital accessibility for people with disabilities.\" \/>\n<meta name=\"robots\" content=\"index, follow, max-snippet:-1, max-image-preview:large, max-video-preview:-1\" \/>\n<link rel=\"canonical\" href=\"https:\/\/passengersrights.eu\/es\/declaracion-de-accesibilidad\/\" \/>\n<meta property=\"og:locale\" content=\"es_ES\" \/>\n<meta property=\"og:type\" content=\"article\" \/>\n<meta property=\"og:title\" content=\"Accessibility statement - Passengers Rights\" \/>\n<meta property=\"og:description\" content=\"Accessibility Statement for https:\/\/passengersrights.eu\/ Passengers Rights EU is committed to ensuring digital accessibility for people with disabilities.\" \/>\n<meta property=\"og:url\" content=\"https:\/\/passengersrights.eu\/es\/declaracion-de-accesibilidad\/\" \/>\n<meta property=\"og:site_name\" content=\"Passengers Rights\" \/>\n<meta property=\"og:image\" content=\"https:\/\/passengersrights.eu\/wp-content\/uploads\/Flight-service.webp\" \/>\n\t<meta property=\"og:image:width\" content=\"864\" \/>\n\t<meta property=\"og:image:height\" content=\"1152\" \/>\n\t<meta property=\"og:image:type\" content=\"image\/webp\" \/>\n<meta name=\"twitter:card\" content=\"summary_large_image\" \/>\n<script type=\"application\/ld+json\" class=\"yoast-schema-graph\">{\"@context\":\"https:\\\/\\\/schema.org\",\"@graph\":[{\"@type\":\"WebPage\",\"@id\":\"https:\\\/\\\/passengersrights.eu\\\/accessibility-statement\\\/\",\"url\":\"https:\\\/\\\/passengersrights.eu\\\/accessibility-statement\\\/\",\"name\":\"Accessibility statement - Passengers Rights\",\"isPartOf\":{\"@id\":\"https:\\\/\\\/passengersrights.eu\\\/#website\"},\"datePublished\":\"2025-08-04T10:50:16+00:00\",\"description\":\"Accessibility Statement for https:\\\/\\\/passengersrights.eu\\\/ Passengers Rights EU is committed to ensuring digital accessibility for people with disabilities.\",\"breadcrumb\":{\"@id\":\"https:\\\/\\\/passengersrights.eu\\\/accessibility-statement\\\/#breadcrumb\"},\"inLanguage\":\"es\",\"potentialAction\":[{\"@type\":\"ReadAction\",\"target\":[\"https:\\\/\\\/passengersrights.eu\\\/accessibility-statement\\\/\"]}]},{\"@type\":\"BreadcrumbList\",\"@id\":\"https:\\\/\\\/passengersrights.eu\\\/accessibility-statement\\\/#breadcrumb\",\"itemListElement\":[{\"@type\":\"ListItem\",\"position\":1,\"name\":\"Inicio\",\"item\":\"https:\\\/\\\/passengersrights.eu\\\/\"},{\"@type\":\"ListItem\",\"position\":2,\"name\":\"Accessibility statement\"}]},{\"@type\":\"WebSite\",\"@id\":\"https:\\\/\\\/passengersrights.eu\\\/#website\",\"url\":\"https:\\\/\\\/passengersrights.eu\\\/\",\"name\":\"Passengers Rights\",\"description\":\"Claim your flight compensation fast and legally\",\"publisher\":{\"@id\":\"https:\\\/\\\/passengersrights.eu\\\/#organization\"},\"alternateName\":\"Passengers Rights EU\",\"potentialAction\":[{\"@type\":\"SearchAction\",\"target\":{\"@type\":\"EntryPoint\",\"urlTemplate\":\"https:\\\/\\\/passengersrights.eu\\\/?s={search_term_string}\"},\"query-input\":{\"@type\":\"PropertyValueSpecification\",\"valueRequired\":true,\"valueName\":\"search_term_string\"}}],\"inLanguage\":\"es\"},{\"@type\":\"Organization\",\"@id\":\"https:\\\/\\\/passengersrights.eu\\\/#organization\",\"name\":\"Passengers Rights\",\"alternateName\":\"Passengers Rights\",\"url\":\"https:\\\/\\\/passengersrights.eu\\\/\",\"logo\":{\"@type\":\"ImageObject\",\"inLanguage\":\"es\",\"@id\":\"https:\\\/\\\/passengersrights.eu\\\/#\\\/schema\\\/logo\\\/image\\\/\",\"url\":\"https:\\\/\\\/passengersrights.eu\\\/wp-content\\\/uploads\\\/Flight-Compensation.webp\",\"contentUrl\":\"https:\\\/\\\/passengersrights.eu\\\/wp-content\\\/uploads\\\/Flight-Compensation.webp\",\"width\":1280,\"height\":800,\"caption\":\"Passengers Rights\"},\"image\":{\"@id\":\"https:\\\/\\\/passengersrights.eu\\\/#\\\/schema\\\/logo\\\/image\\\/\"}}]}<\/script>\n<!-- \/ Yoast SEO plugin. -->","yoast_head_json":{"title":"Accessibility statement - Passengers Rights","description":"Accessibility Statement for https:\/\/passengersrights.eu\/ Passengers Rights EU is committed to ensuring digital accessibility for people with disabilities.","robots":{"index":"index","follow":"follow","max-snippet":"max-snippet:-1","max-image-preview":"max-image-preview:large","max-video-preview":"max-video-preview:-1"},"canonical":"https:\/\/passengersrights.eu\/es\/declaracion-de-accesibilidad\/","og_locale":"es_ES","og_type":"article","og_title":"Accessibility statement - Passengers Rights","og_description":"Accessibility Statement for https:\/\/passengersrights.eu\/ Passengers Rights EU is committed to ensuring digital accessibility for people with disabilities.","og_url":"https:\/\/passengersrights.eu\/es\/declaracion-de-accesibilidad\/","og_site_name":"Passengers Rights","og_image":[{"width":864,"height":1152,"url":"https:\/\/passengersrights.eu\/wp-content\/uploads\/Flight-service.webp","type":"image\/webp"}],"twitter_card":"summary_large_image","schema":{"@context":"https:\/\/schema.org","@graph":[{"@type":"WebPage","@id":"https:\/\/passengersrights.eu\/accessibility-statement\/","url":"https:\/\/passengersrights.eu\/accessibility-statement\/","name":"Accessibility statement - Passengers Rights","isPartOf":{"@id":"https:\/\/passengersrights.eu\/#website"},"datePublished":"2025-08-04T10:50:16+00:00","description":"Accessibility Statement for https:\/\/passengersrights.eu\/ Passengers Rights EU is committed to ensuring digital accessibility for people with disabilities.","breadcrumb":{"@id":"https:\/\/passengersrights.eu\/accessibility-statement\/#breadcrumb"},"inLanguage":"es","potentialAction":[{"@type":"ReadAction","target":["https:\/\/passengersrights.eu\/accessibility-statement\/"]}]},{"@type":"BreadcrumbList","@id":"https:\/\/passengersrights.eu\/accessibility-statement\/#breadcrumb","itemListElement":[{"@type":"ListItem","position":1,"name":"Inicio","item":"https:\/\/passengersrights.eu\/"},{"@type":"ListItem","position":2,"name":"Accessibility statement"}]},{"@type":"WebSite","@id":"https:\/\/passengersrights.eu\/#website","url":"https:\/\/passengersrights.eu\/","name":"Passengers Rights","description":"Claim your flight compensation fast and legally","publisher":{"@id":"https:\/\/passengersrights.eu\/#organization"},"alternateName":"Passengers Rights EU","potentialAction":[{"@type":"SearchAction","target":{"@type":"EntryPoint","urlTemplate":"https:\/\/passengersrights.eu\/?s={search_term_string}"},"query-input":{"@type":"PropertyValueSpecification","valueRequired":true,"valueName":"search_term_string"}}],"inLanguage":"es"},{"@type":"Organization","@id":"https:\/\/passengersrights.eu\/#organization","name":"Passengers Rights","alternateName":"Passengers Rights","url":"https:\/\/passengersrights.eu\/","logo":{"@type":"ImageObject","inLanguage":"es","@id":"https:\/\/passengersrights.eu\/#\/schema\/logo\/image\/","url":"https:\/\/passengersrights.eu\/wp-content\/uploads\/Flight-Compensation.webp","contentUrl":"https:\/\/passengersrights.eu\/wp-content\/uploads\/Flight-Compensation.webp","width":1280,"height":800,"caption":"Passengers Rights"},"image":{"@id":"https:\/\/passengersrights.eu\/#\/schema\/logo\/image\/"}}]}},"_links":{"self":[{"href":"https:\/\/passengersrights.eu\/es\/wp-json\/wp\/v2\/pages\/1537","targetHints":{"allow":["GET"]}}],"collection":[{"href":"https:\/\/passengersrights.eu\/es\/wp-json\/wp\/v2\/pages"}],"about":[{"href":"https:\/\/passengersrights.eu\/es\/wp-json\/wp\/v2\/types\/page"}],"author":[{"embeddable":true,"href":"https:\/\/passengersrights.eu\/es\/wp-json\/wp\/v2\/users\/15"}],"replies":[{"embeddable":true,"href":"https:\/\/passengersrights.eu\/es\/wp-json\/wp\/v2\/comments?post=1537"}],"version-history":[{"count":0,"href":"https:\/\/passengersrights.eu\/es\/wp-json\/wp\/v2\/pages\/1537\/revisions"}],"wp:attachment":[{"href":"https:\/\/passengersrights.eu\/es\/wp-json\/wp\/v2\/media?parent=1537"}],"curies":[{"name":"wp","href":"https:\/\/api.w.org\/{rel}","templated":true}]}}