{"id":487,"date":"2024-08-27T20:34:37","date_gmt":"2024-08-27T19:34:37","guid":{"rendered":"http:\/\/Gustavo"},"modified":"2025-06-02T04:50:10","modified_gmt":"2025-06-02T02:50:10","slug":"terminos-condiciones","status":"publish","type":"page","link":"https:\/\/passengersrights.eu\/es\/terminos-condiciones\/","title":{"rendered":"T\u00e9rminos &amp; Condiciones"},"content":{"rendered":"<h2 class=\"wp-block-heading\">Condiciones generales para las reclamaciones con las compa\u00f1\u00edas a\u00e9reas<\/h2>\n\n\n\n<p>Este documento determina los t\u00e9rminos y Condiciones Generales de Contrataci\u00f3n del servicio de <strong>PassengersRights.la ue<\/strong>, servicio de propiedad de Pablo Garc\u00eda Torres DNI 78522567S con domicilio en Avda Touroperador Tui n\u00ba5, 35100 Maspalomas (Las Palmas), Espa\u00f1a.<\/p>\n\n\n\n<h3 class=\"wp-block-heading\">1. La finalidad del contrato y procedimiento de reclamaci\u00f3n de<\/h3>\n\n\n\n<p><strong>PassengersRights.la ue<\/strong> va a llevar a cabo la reclamaci\u00f3n en caso de cancelaci\u00f3n, retraso, denegaci\u00f3n de embarque, no-show y el equipaje, tanto en los preliminares y las actuaciones judiciales, antes de que las compa\u00f1\u00edas a\u00e9reas y, en su caso, podr\u00e1 denunciar estas infracciones antes de AENA y AESA.<\/p>\n\n\n\n<ul class=\"wp-block-list\">\n<li><strong>Acciones preliminares:<\/strong> Reclamaci\u00f3n previa al proceso judicial para obtener el pago sin tener que ir a juicio.<\/li>\n\n\n\n<li><strong>Acciones judiciales:<\/strong> Reclamaci\u00f3n judicial ante el tribunal de comercio competente.<\/li>\n<\/ul>\n\n\n\n<h3 class=\"wp-block-heading\">2. Honorarios y forma de pago<\/h3>\n\n\n\n<p>Solo se cargar\u00e1 en caso de que su reclamaci\u00f3n es correcta. Los honorarios que <strong>PassengersRights.la ue<\/strong> recibe en caso de \u00e9xito de la demanda son:<\/p>\n\n\n\n<p><strong>El 25% de la cantidad obtenida + IGIC (7%).<\/strong><\/p>\n\n\n\n<p><strong>PassengersRights.la ue<\/strong> avanzar\u00e1 todos los gastos para usted, as\u00ed que usted no tiene que hacer ning\u00fan pago inicial.<\/p>\n\n\n\n<p>En caso de \u00e9xito, pero si la cantidad es recolectada a trav\u00e9s de la corte, vamos a pasar un adicional de <strong>150 \u20ac + IGIC<\/strong> en concepto de gastos administrativos.<\/p>\n\n\n\n<p>En casos excepcionales (reclamaciones de m\u00e1s de 2000 \u20ac, o si es necesario acudir a la corte y no se puede), puede haber una necesidad de un representante con un costo de <strong>25 \u20ac + IGIC<\/strong>o un notario para <strong>350 \u20ac + IGIC<\/strong>.<\/p>\n\n\n\n<h3 class=\"wp-block-heading\">3. Obligaciones de las partes<\/h3>\n\n\n\n<h4 class=\"wp-block-heading\">PassengersRights.la ue se compromete a:<\/h4>\n\n\n\n<ul class=\"wp-block-list\">\n<li>Actuar de acuerdo con la legislaci\u00f3n y los c\u00f3digos \u00e9ticos.<\/li>\n\n\n\n<li>Mantenerle informado de los cambios por correo electr\u00f3nico.<\/li>\n\n\n\n<li>Buscar pre-judicial de los acuerdos con l\u00edneas a\u00e9reas.<\/li>\n\n\n\n<li>Cerca de acuerdos, cuando la oferta es de al menos 90% de la cantidad reclamada.<\/li>\n\n\n\n<li>Solicitar sus datos de pago para la transferencia de su compensaci\u00f3n, una vez recibida (menos comisiones).<\/li>\n<\/ul>\n\n\n\n<h4 class=\"wp-block-heading\">El cliente se compromete a:<\/h4>\n\n\n\n<ul class=\"wp-block-list\">\n<li>Firmar la autorizaci\u00f3n a t\u00edtulo personal o en nombre de la persona representada.<\/li>\n\n\n\n<li>No reclamaci\u00f3n de forma independiente o a trav\u00e9s de terceros, una vez autorizado PassengersRights.de la ue.<\/li>\n\n\n\n<li>Informarnos de cualquier cambio en el correo electr\u00f3nico o datos de contacto.<\/li>\n\n\n\n<li>Asistir a las audiencias o delegar la representaci\u00f3n legal, si es necesario.<\/li>\n\n\n\n<li>Proporcionar informaci\u00f3n precisa de los documentos.<\/li>\n\n\n\n<li>Informarnos si la compensaci\u00f3n se recibe directamente de la aerol\u00ednea.<\/li>\n<\/ul>\n\n\n\n<p>Si usted no asiste a las audiencias, no nos informan de los pagos, o llegar a acuerdos privados con la l\u00ednea a\u00e9rea, <strong>los honorarios y los costos ser\u00e1n cargados<\/strong>.<\/p>\n\n\n\n<h3 class=\"wp-block-heading\">4. La resoluci\u00f3n del Contrato<\/h3>\n\n\n\n<p>Usted puede cancelar el contrato en cualquier momento por escrito a <a href=\"mailto:info@passengersrights.eu\">info@passengersrights.eu<\/a>. Si la solicitud ya ha sido presentada ante el tribunal, los honorarios y los gastos siguen siendo aplicables.<\/p>\n\n\n\n<p><strong>PassengersRights.la ue<\/strong> tambi\u00e9n puede cancelar el contrato si usted inicia un duplicado de la demanda, sin informarnos.<\/p>\n\n\n\n<p>De aplicaci\u00f3n la legislaci\u00f3n espa\u00f1ola. Si el cliente no se considera un consumidor, la competencia se determinar\u00e1 pertenecen a los juzgados y Tribunales de Las Palmas de Gran Canaria.<\/p>\n\n\n\n<h3 class=\"wp-block-heading\">5. Nulidad<\/h3>\n\n\n\n<p>Si cualquier cl\u00e1usula declarada nula o inv\u00e1lida, el resto siguen siendo v\u00e1lidos. La no aplicaci\u00f3n de una cl\u00e1usula no significa que su renuncia.<\/p>","protected":false},"excerpt":{"rendered":"<p>General conditions for claims with airlines This document determines the terms and General Contracting Conditions of the service of PassengersRights.eu, service owned by Pablo Garc\u00eda Torres DNI 78522567S with address at Avda Touroperador Tui n\u00ba5, 35100 Maspalomas (Las Palmas), Spain. 1. Purpose of the contract and claim procedure PassengersRights.eu will carry out the claim in [&hellip;]<\/p>\n","protected":false},"author":15,"featured_media":0,"parent":0,"menu_order":0,"comment_status":"closed","ping_status":"closed","template":"","meta":{"footnotes":""},"class_list":["post-487","page","type-page","status-publish","hentry"],"yoast_head":"<!-- This site is optimized with the Yoast SEO plugin v27.4 - https:\/\/yoast.com\/product\/yoast-seo-wordpress\/ -->\n<title>Terms &amp; Conditions - Passengers Rights<\/title>\n<meta name=\"description\" content=\"General conditions for claims with airlines This document determines the terms and General Contracting Conditions of the service of PassengersRights.eu,\" \/>\n<meta name=\"robots\" content=\"noindex, nofollow\" \/>\n<meta property=\"og:locale\" content=\"es_ES\" \/>\n<meta property=\"og:type\" content=\"article\" \/>\n<meta property=\"og:title\" content=\"Terms &amp; Conditions - Passengers Rights\" \/>\n<meta property=\"og:description\" content=\"General conditions for claims with airlines This document determines the terms and General Contracting Conditions of the service of PassengersRights.eu,\" \/>\n<meta property=\"og:url\" content=\"https:\/\/passengersrights.eu\/es\/terminos-condiciones\/\" \/>\n<meta property=\"og:site_name\" content=\"Passengers Rights\" \/>\n<meta property=\"article:modified_time\" content=\"2025-06-02T02:50:10+00:00\" \/>\n<meta property=\"og:image\" content=\"https:\/\/passengersrights.eu\/wp-content\/uploads\/Flight-service.webp\" \/>\n\t<meta property=\"og:image:width\" content=\"864\" \/>\n\t<meta property=\"og:image:height\" content=\"1152\" \/>\n\t<meta property=\"og:image:type\" content=\"image\/webp\" \/>\n<meta name=\"twitter:card\" content=\"summary_large_image\" \/>\n<script type=\"application\/ld+json\" class=\"yoast-schema-graph\">{\"@context\":\"https:\\\/\\\/schema.org\",\"@graph\":[{\"@type\":\"WebPage\",\"@id\":\"https:\\\/\\\/passengersrights.eu\\\/terms-conditions\\\/\",\"url\":\"https:\\\/\\\/passengersrights.eu\\\/terms-conditions\\\/\",\"name\":\"Terms & Conditions - Passengers Rights\",\"isPartOf\":{\"@id\":\"https:\\\/\\\/passengersrights.eu\\\/#website\"},\"datePublished\":\"2024-08-27T19:34:37+00:00\",\"dateModified\":\"2025-06-02T02:50:10+00:00\",\"description\":\"General conditions for claims with airlines This document determines the terms and General Contracting Conditions of the service of PassengersRights.eu,\",\"breadcrumb\":{\"@id\":\"https:\\\/\\\/passengersrights.eu\\\/terms-conditions\\\/#breadcrumb\"},\"inLanguage\":\"es\",\"potentialAction\":[{\"@type\":\"ReadAction\",\"target\":[\"https:\\\/\\\/passengersrights.eu\\\/terms-conditions\\\/\"]}]},{\"@type\":\"BreadcrumbList\",\"@id\":\"https:\\\/\\\/passengersrights.eu\\\/terms-conditions\\\/#breadcrumb\",\"itemListElement\":[{\"@type\":\"ListItem\",\"position\":1,\"name\":\"Inicio\",\"item\":\"https:\\\/\\\/passengersrights.eu\\\/\"},{\"@type\":\"ListItem\",\"position\":2,\"name\":\"Terms &#038; Conditions\"}]},{\"@type\":\"WebSite\",\"@id\":\"https:\\\/\\\/passengersrights.eu\\\/#website\",\"url\":\"https:\\\/\\\/passengersrights.eu\\\/\",\"name\":\"Passengers Rights\",\"description\":\"Claim your flight compensation fast and legally\",\"publisher\":{\"@id\":\"https:\\\/\\\/passengersrights.eu\\\/#organization\"},\"alternateName\":\"Passengers Rights EU\",\"potentialAction\":[{\"@type\":\"SearchAction\",\"target\":{\"@type\":\"EntryPoint\",\"urlTemplate\":\"https:\\\/\\\/passengersrights.eu\\\/?s={search_term_string}\"},\"query-input\":{\"@type\":\"PropertyValueSpecification\",\"valueRequired\":true,\"valueName\":\"search_term_string\"}}],\"inLanguage\":\"es\"},{\"@type\":\"Organization\",\"@id\":\"https:\\\/\\\/passengersrights.eu\\\/#organization\",\"name\":\"Passengers Rights\",\"alternateName\":\"Passengers Rights\",\"url\":\"https:\\\/\\\/passengersrights.eu\\\/\",\"logo\":{\"@type\":\"ImageObject\",\"inLanguage\":\"es\",\"@id\":\"https:\\\/\\\/passengersrights.eu\\\/#\\\/schema\\\/logo\\\/image\\\/\",\"url\":\"https:\\\/\\\/passengersrights.eu\\\/wp-content\\\/uploads\\\/Flight-Compensation.webp\",\"contentUrl\":\"https:\\\/\\\/passengersrights.eu\\\/wp-content\\\/uploads\\\/Flight-Compensation.webp\",\"width\":1280,\"height\":800,\"caption\":\"Passengers Rights\"},\"image\":{\"@id\":\"https:\\\/\\\/passengersrights.eu\\\/#\\\/schema\\\/logo\\\/image\\\/\"}}]}<\/script>\n<!-- \/ Yoast SEO plugin. -->","yoast_head_json":{"title":"Terms & Conditions - Passengers Rights","description":"General conditions for claims with airlines This document determines the terms and General Contracting Conditions of the service of PassengersRights.eu,","robots":{"index":"noindex","follow":"nofollow"},"og_locale":"es_ES","og_type":"article","og_title":"Terms & Conditions - Passengers Rights","og_description":"General conditions for claims with airlines This document determines the terms and General Contracting Conditions of the service of PassengersRights.eu,","og_url":"https:\/\/passengersrights.eu\/es\/terminos-condiciones\/","og_site_name":"Passengers Rights","article_modified_time":"2025-06-02T02:50:10+00:00","og_image":[{"width":864,"height":1152,"url":"https:\/\/passengersrights.eu\/wp-content\/uploads\/Flight-service.webp","type":"image\/webp"}],"twitter_card":"summary_large_image","schema":{"@context":"https:\/\/schema.org","@graph":[{"@type":"WebPage","@id":"https:\/\/passengersrights.eu\/terms-conditions\/","url":"https:\/\/passengersrights.eu\/terms-conditions\/","name":"Terms & Conditions - Passengers Rights","isPartOf":{"@id":"https:\/\/passengersrights.eu\/#website"},"datePublished":"2024-08-27T19:34:37+00:00","dateModified":"2025-06-02T02:50:10+00:00","description":"General conditions for claims with airlines This document determines the terms and General Contracting Conditions of the service of PassengersRights.eu,","breadcrumb":{"@id":"https:\/\/passengersrights.eu\/terms-conditions\/#breadcrumb"},"inLanguage":"es","potentialAction":[{"@type":"ReadAction","target":["https:\/\/passengersrights.eu\/terms-conditions\/"]}]},{"@type":"BreadcrumbList","@id":"https:\/\/passengersrights.eu\/terms-conditions\/#breadcrumb","itemListElement":[{"@type":"ListItem","position":1,"name":"Inicio","item":"https:\/\/passengersrights.eu\/"},{"@type":"ListItem","position":2,"name":"Terms &#038; Conditions"}]},{"@type":"WebSite","@id":"https:\/\/passengersrights.eu\/#website","url":"https:\/\/passengersrights.eu\/","name":"Passengers Rights","description":"Claim your flight compensation fast and legally","publisher":{"@id":"https:\/\/passengersrights.eu\/#organization"},"alternateName":"Passengers Rights EU","potentialAction":[{"@type":"SearchAction","target":{"@type":"EntryPoint","urlTemplate":"https:\/\/passengersrights.eu\/?s={search_term_string}"},"query-input":{"@type":"PropertyValueSpecification","valueRequired":true,"valueName":"search_term_string"}}],"inLanguage":"es"},{"@type":"Organization","@id":"https:\/\/passengersrights.eu\/#organization","name":"Passengers Rights","alternateName":"Passengers Rights","url":"https:\/\/passengersrights.eu\/","logo":{"@type":"ImageObject","inLanguage":"es","@id":"https:\/\/passengersrights.eu\/#\/schema\/logo\/image\/","url":"https:\/\/passengersrights.eu\/wp-content\/uploads\/Flight-Compensation.webp","contentUrl":"https:\/\/passengersrights.eu\/wp-content\/uploads\/Flight-Compensation.webp","width":1280,"height":800,"caption":"Passengers Rights"},"image":{"@id":"https:\/\/passengersrights.eu\/#\/schema\/logo\/image\/"}}]}},"_links":{"self":[{"href":"https:\/\/passengersrights.eu\/es\/wp-json\/wp\/v2\/pages\/487","targetHints":{"allow":["GET"]}}],"collection":[{"href":"https:\/\/passengersrights.eu\/es\/wp-json\/wp\/v2\/pages"}],"about":[{"href":"https:\/\/passengersrights.eu\/es\/wp-json\/wp\/v2\/types\/page"}],"author":[{"embeddable":true,"href":"https:\/\/passengersrights.eu\/es\/wp-json\/wp\/v2\/users\/15"}],"replies":[{"embeddable":true,"href":"https:\/\/passengersrights.eu\/es\/wp-json\/wp\/v2\/comments?post=487"}],"version-history":[{"count":2,"href":"https:\/\/passengersrights.eu\/es\/wp-json\/wp\/v2\/pages\/487\/revisions"}],"predecessor-version":[{"id":1426,"href":"https:\/\/passengersrights.eu\/es\/wp-json\/wp\/v2\/pages\/487\/revisions\/1426"}],"wp:attachment":[{"href":"https:\/\/passengersrights.eu\/es\/wp-json\/wp\/v2\/media?parent=487"}],"curies":[{"name":"wp","href":"https:\/\/api.w.org\/{rel}","templated":true}]}}